{"id":3627,"date":"2022-03-16T10:17:17","date_gmt":"2022-03-16T10:17:17","guid":{"rendered":"https:\/\/www.rainarai.nl\/product\/de-nomadische-keuken-van-algerije\/"},"modified":"2022-05-31T15:02:09","modified_gmt":"2022-05-31T15:02:09","slug":"de-nomadische-keuken-van-algerije","status":"publish","type":"product","link":"https:\/\/www.rainarai.nl\/en\/product\/de-nomadische-keuken-van-algerije\/","title":{"rendered":"De nomadische keuken van Algerije"},"content":{"rendered":"<p id=\"tw-target-text\" class=\"tw-data-text tw-text-large tw-ta\" dir=\"ltr\" data-placeholder=\"Vertaling\"><span class=\"Y2IQFc\" lang=\"en\" style=\"font-family: georgia, palatino, serif;\">Khellout&#8217;s first cookbook as like a travel story. It takes you to the Maghreb and the desert of Algeria, to the oases and the coasts of the Mediterranean and describes the typical dishes, prepared with products of the region and according to the cooking techniques of an ancient food culture.<\/span><\/p>\n<p class=\"tw-data-text tw-text-large tw-ta\" dir=\"ltr\" data-placeholder=\"Vertaling\"><strong><span class=\"Y2IQFc\" lang=\"en\" style=\"font-family: georgia, palatino, serif;\">This book is currently sold out<\/span><\/strong><\/p>\n","protected":false},"excerpt":{"rendered":"<p>Traditionele gerechten worden vaak met dit specerijenmengsel bereid. Specifieke kruiden en fijne specerijen spelen een essenti\u00eble rol in de nomadische keuken. Wil je zelf koken uit een Ra\u00efnara\u00ef kookboek? De specerijenmix van chef Laurent Med Khellout:\u201dRas el Khellout\u201d is daarbij een aanbeveling.<\/p>\n","protected":false},"featured_media":3843,"comment_status":"open","ping_status":"closed","template":"","meta":{"_acf_changed":false},"product_brand":[],"product_cat":[33],"product_tag":[],"class_list":{"0":"post-3627","1":"product","2":"type-product","3":"status-publish","4":"has-post-thumbnail","6":"product_cat-cookbooks","8":"first","9":"onbackorder","10":"shipping-taxable","11":"product-type-simple"},"acf":[],"yoast_head":"<!-- This site is optimized with the Yoast SEO plugin v24.5 - https:\/\/yoast.com\/wordpress\/plugins\/seo\/ -->\n<title>De nomadische keuken van Algerije - Rainarai<\/title>\n<meta name=\"robots\" content=\"index, follow, max-snippet:-1, max-image-preview:large, max-video-preview:-1\" \/>\n<link rel=\"canonical\" href=\"https:\/\/www.rainarai.nl\/en\/product\/de-nomadische-keuken-van-algerije\/\" \/>\n<meta property=\"og:locale\" content=\"en_US\" \/>\n<meta property=\"og:type\" content=\"article\" \/>\n<meta property=\"og:title\" content=\"De nomadische keuken van Algerije - Rainarai\" \/>\n<meta property=\"og:description\" content=\"Traditionele gerechten worden vaak met dit specerijenmengsel bereid. Specifieke kruiden en fijne specerijen spelen een essenti\u00eble rol in de nomadische keuken. Wil je zelf koken uit een Ra\u00efnara\u00ef kookboek? De specerijenmix van chef Laurent Med Khellout:\u201dRas el Khellout\u201d is daarbij een aanbeveling.\" \/>\n<meta property=\"og:url\" content=\"https:\/\/www.rainarai.nl\/en\/product\/de-nomadische-keuken-van-algerije\/\" \/>\n<meta property=\"og:site_name\" content=\"Rainarai\" \/>\n<meta property=\"article:modified_time\" content=\"2022-05-31T15:02:09+00:00\" \/>\n<meta property=\"og:image\" content=\"https:\/\/www.rainarai.nl\/wp-content\/uploads\/2022\/06\/webboek1.jpg\" \/>\n\t<meta property=\"og:image:width\" content=\"1007\" \/>\n\t<meta property=\"og:image:height\" content=\"1280\" \/>\n\t<meta property=\"og:image:type\" content=\"image\/jpeg\" \/>\n<script type=\"application\/ld+json\" class=\"yoast-schema-graph\">{\"@context\":\"https:\/\/schema.org\",\"@graph\":[{\"@type\":\"WebPage\",\"@id\":\"https:\/\/www.rainarai.nl\/en\/product\/de-nomadische-keuken-van-algerije\/\",\"url\":\"https:\/\/www.rainarai.nl\/en\/product\/de-nomadische-keuken-van-algerije\/\",\"name\":\"De nomadische keuken van Algerije - Rainarai\",\"isPartOf\":{\"@id\":\"https:\/\/www.rainarai.nl\/en\/#website\"},\"primaryImageOfPage\":{\"@id\":\"https:\/\/www.rainarai.nl\/en\/product\/de-nomadische-keuken-van-algerije\/#primaryimage\"},\"image\":{\"@id\":\"https:\/\/www.rainarai.nl\/en\/product\/de-nomadische-keuken-van-algerije\/#primaryimage\"},\"thumbnailUrl\":\"https:\/\/www.rainarai.nl\/wp-content\/uploads\/2022\/06\/webboek1.jpg\",\"datePublished\":\"2022-03-16T10:17:17+00:00\",\"dateModified\":\"2022-05-31T15:02:09+00:00\",\"breadcrumb\":{\"@id\":\"https:\/\/www.rainarai.nl\/en\/product\/de-nomadische-keuken-van-algerije\/#breadcrumb\"},\"inLanguage\":\"en-US\",\"potentialAction\":[{\"@type\":\"ReadAction\",\"target\":[\"https:\/\/www.rainarai.nl\/en\/product\/de-nomadische-keuken-van-algerije\/\"]}]},{\"@type\":\"ImageObject\",\"inLanguage\":\"en-US\",\"@id\":\"https:\/\/www.rainarai.nl\/en\/product\/de-nomadische-keuken-van-algerije\/#primaryimage\",\"url\":\"https:\/\/www.rainarai.nl\/wp-content\/uploads\/2022\/06\/webboek1.jpg\",\"contentUrl\":\"https:\/\/www.rainarai.nl\/wp-content\/uploads\/2022\/06\/webboek1.jpg\",\"width\":1007,\"height\":1280},{\"@type\":\"BreadcrumbList\",\"@id\":\"https:\/\/www.rainarai.nl\/en\/product\/de-nomadische-keuken-van-algerije\/#breadcrumb\",\"itemListElement\":[{\"@type\":\"ListItem\",\"position\":1,\"name\":\"Home\",\"item\":\"https:\/\/www.rainarai.nl\/en\/\"},{\"@type\":\"ListItem\",\"position\":2,\"name\":\"Shop\",\"item\":\"https:\/\/www.rainarai.nl\/en\/shop\/\"},{\"@type\":\"ListItem\",\"position\":3,\"name\":\"De nomadische keuken van Algerije\"}]},{\"@type\":\"WebSite\",\"@id\":\"https:\/\/www.rainarai.nl\/en\/#website\",\"url\":\"https:\/\/www.rainarai.nl\/en\/\",\"name\":\"Rainarai\",\"description\":\"de nomadische keuken\",\"publisher\":{\"@id\":\"https:\/\/www.rainarai.nl\/en\/#organization\"},\"potentialAction\":[{\"@type\":\"SearchAction\",\"target\":{\"@type\":\"EntryPoint\",\"urlTemplate\":\"https:\/\/www.rainarai.nl\/en\/?s={search_term_string}\"},\"query-input\":{\"@type\":\"PropertyValueSpecification\",\"valueRequired\":true,\"valueName\":\"search_term_string\"}}],\"inLanguage\":\"en-US\"},{\"@type\":\"Organization\",\"@id\":\"https:\/\/www.rainarai.nl\/en\/#organization\",\"name\":\"Rainarai\",\"url\":\"https:\/\/www.rainarai.nl\/en\/\",\"logo\":{\"@type\":\"ImageObject\",\"inLanguage\":\"en-US\",\"@id\":\"https:\/\/www.rainarai.nl\/en\/#\/schema\/logo\/image\/\",\"url\":\"https:\/\/www.rainarai.nl\/wp-content\/uploads\/2022\/04\/Rainarai-de-nomadische-keuken-3.svg\",\"contentUrl\":\"https:\/\/www.rainarai.nl\/wp-content\/uploads\/2022\/04\/Rainarai-de-nomadische-keuken-3.svg\",\"caption\":\"Rainarai\"},\"image\":{\"@id\":\"https:\/\/www.rainarai.nl\/en\/#\/schema\/logo\/image\/\"}}]}<\/script>\n<!-- \/ Yoast SEO plugin. -->","yoast_head_json":{"title":"De nomadische keuken van Algerije - Rainarai","robots":{"index":"index","follow":"follow","max-snippet":"max-snippet:-1","max-image-preview":"max-image-preview:large","max-video-preview":"max-video-preview:-1"},"canonical":"https:\/\/www.rainarai.nl\/en\/product\/de-nomadische-keuken-van-algerije\/","og_locale":"en_US","og_type":"article","og_title":"De nomadische keuken van Algerije - Rainarai","og_description":"Traditionele gerechten worden vaak met dit specerijenmengsel bereid. Specifieke kruiden en fijne specerijen spelen een essenti\u00eble rol in de nomadische keuken. Wil je zelf koken uit een Ra\u00efnara\u00ef kookboek? De specerijenmix van chef Laurent Med Khellout:\u201dRas el Khellout\u201d is daarbij een aanbeveling.","og_url":"https:\/\/www.rainarai.nl\/en\/product\/de-nomadische-keuken-van-algerije\/","og_site_name":"Rainarai","article_modified_time":"2022-05-31T15:02:09+00:00","og_image":[{"width":1007,"height":1280,"url":"https:\/\/www.rainarai.nl\/wp-content\/uploads\/2022\/06\/webboek1.jpg","type":"image\/jpeg"}],"schema":{"@context":"https:\/\/schema.org","@graph":[{"@type":"WebPage","@id":"https:\/\/www.rainarai.nl\/en\/product\/de-nomadische-keuken-van-algerije\/","url":"https:\/\/www.rainarai.nl\/en\/product\/de-nomadische-keuken-van-algerije\/","name":"De nomadische keuken van Algerije - Rainarai","isPartOf":{"@id":"https:\/\/www.rainarai.nl\/en\/#website"},"primaryImageOfPage":{"@id":"https:\/\/www.rainarai.nl\/en\/product\/de-nomadische-keuken-van-algerije\/#primaryimage"},"image":{"@id":"https:\/\/www.rainarai.nl\/en\/product\/de-nomadische-keuken-van-algerije\/#primaryimage"},"thumbnailUrl":"https:\/\/www.rainarai.nl\/wp-content\/uploads\/2022\/06\/webboek1.jpg","datePublished":"2022-03-16T10:17:17+00:00","dateModified":"2022-05-31T15:02:09+00:00","breadcrumb":{"@id":"https:\/\/www.rainarai.nl\/en\/product\/de-nomadische-keuken-van-algerije\/#breadcrumb"},"inLanguage":"en-US","potentialAction":[{"@type":"ReadAction","target":["https:\/\/www.rainarai.nl\/en\/product\/de-nomadische-keuken-van-algerije\/"]}]},{"@type":"ImageObject","inLanguage":"en-US","@id":"https:\/\/www.rainarai.nl\/en\/product\/de-nomadische-keuken-van-algerije\/#primaryimage","url":"https:\/\/www.rainarai.nl\/wp-content\/uploads\/2022\/06\/webboek1.jpg","contentUrl":"https:\/\/www.rainarai.nl\/wp-content\/uploads\/2022\/06\/webboek1.jpg","width":1007,"height":1280},{"@type":"BreadcrumbList","@id":"https:\/\/www.rainarai.nl\/en\/product\/de-nomadische-keuken-van-algerije\/#breadcrumb","itemListElement":[{"@type":"ListItem","position":1,"name":"Home","item":"https:\/\/www.rainarai.nl\/en\/"},{"@type":"ListItem","position":2,"name":"Shop","item":"https:\/\/www.rainarai.nl\/en\/shop\/"},{"@type":"ListItem","position":3,"name":"De nomadische keuken van Algerije"}]},{"@type":"WebSite","@id":"https:\/\/www.rainarai.nl\/en\/#website","url":"https:\/\/www.rainarai.nl\/en\/","name":"Rainarai","description":"de nomadische keuken","publisher":{"@id":"https:\/\/www.rainarai.nl\/en\/#organization"},"potentialAction":[{"@type":"SearchAction","target":{"@type":"EntryPoint","urlTemplate":"https:\/\/www.rainarai.nl\/en\/?s={search_term_string}"},"query-input":{"@type":"PropertyValueSpecification","valueRequired":true,"valueName":"search_term_string"}}],"inLanguage":"en-US"},{"@type":"Organization","@id":"https:\/\/www.rainarai.nl\/en\/#organization","name":"Rainarai","url":"https:\/\/www.rainarai.nl\/en\/","logo":{"@type":"ImageObject","inLanguage":"en-US","@id":"https:\/\/www.rainarai.nl\/en\/#\/schema\/logo\/image\/","url":"https:\/\/www.rainarai.nl\/wp-content\/uploads\/2022\/04\/Rainarai-de-nomadische-keuken-3.svg","contentUrl":"https:\/\/www.rainarai.nl\/wp-content\/uploads\/2022\/04\/Rainarai-de-nomadische-keuken-3.svg","caption":"Rainarai"},"image":{"@id":"https:\/\/www.rainarai.nl\/en\/#\/schema\/logo\/image\/"}}]}},"_links":{"self":[{"href":"https:\/\/www.rainarai.nl\/en\/wp-json\/wp\/v2\/product\/3627","targetHints":{"allow":["GET"]}}],"collection":[{"href":"https:\/\/www.rainarai.nl\/en\/wp-json\/wp\/v2\/product"}],"about":[{"href":"https:\/\/www.rainarai.nl\/en\/wp-json\/wp\/v2\/types\/product"}],"replies":[{"embeddable":true,"href":"https:\/\/www.rainarai.nl\/en\/wp-json\/wp\/v2\/comments?post=3627"}],"wp:featuredmedia":[{"embeddable":true,"href":"https:\/\/www.rainarai.nl\/en\/wp-json\/wp\/v2\/media\/3843"}],"wp:attachment":[{"href":"https:\/\/www.rainarai.nl\/en\/wp-json\/wp\/v2\/media?parent=3627"}],"wp:term":[{"taxonomy":"product_brand","embeddable":true,"href":"https:\/\/www.rainarai.nl\/en\/wp-json\/wp\/v2\/product_brand?post=3627"},{"taxonomy":"product_cat","embeddable":true,"href":"https:\/\/www.rainarai.nl\/en\/wp-json\/wp\/v2\/product_cat?post=3627"},{"taxonomy":"product_tag","embeddable":true,"href":"https:\/\/www.rainarai.nl\/en\/wp-json\/wp\/v2\/product_tag?post=3627"}],"curies":[{"name":"wp","href":"https:\/\/api.w.org\/{rel}","templated":true}]}}