{"id":3626,"date":"2022-03-16T10:01:58","date_gmt":"2022-03-16T10:01:58","guid":{"rendered":"https:\/\/www.rainarai.nl\/product\/de-nomadische-keuken-van-rainarai\/"},"modified":"2022-05-31T15:04:30","modified_gmt":"2022-05-31T15:04:30","slug":"de-nomadische-keuken-van-rainarai","status":"publish","type":"product","link":"https:\/\/www.rainarai.nl\/en\/product\/de-nomadische-keuken-van-rainarai\/","title":{"rendered":"De nomadische keuken van Ra\u00efnara\u00ef"},"content":{"rendered":"<p id=\"tw-target-text\" class=\"tw-data-text tw-text-large tw-ta\" dir=\"ltr\" data-placeholder=\"Vertaling\"><span class=\"Y2IQFc\" lang=\"en\">Khellout&#8217;s second cookbook is divided into seven chapters: Nature, Warmth, Tradition, Adventure, Faith, Music and Fun. These are for him the seven principles in life, which are interrelated. Here you will find delicious dishes, ranging from vegetarian to tasty fish recipes.<\/span><\/p>\n<p class=\"tw-data-text tw-text-large tw-ta\" dir=\"ltr\" data-placeholder=\"Vertaling\"><span class=\"Y2IQFc\" lang=\"en\"><strong>This book is currently sold out<\/strong><\/span><\/p>\n","protected":false},"excerpt":{"rendered":"<p>Traditionele gerechten worden vaak met dit specerijenmengsel bereid. Specifieke kruiden en fijne specerijen spelen een essenti\u00eble rol in de nomadische keuken. Wil je zelf koken uit een Ra\u00efnara\u00ef kookboek? De specerijenmix van chef Laurent Med Khellout:\u201dRas el Khellout\u201d is daarbij een aanbeveling.<\/p>\n","protected":false},"featured_media":2476,"comment_status":"open","ping_status":"closed","template":"","meta":{"_acf_changed":false},"product_brand":[],"product_cat":[33,23],"product_tag":[],"class_list":{"0":"post-3626","1":"product","2":"type-product","3":"status-publish","4":"has-post-thumbnail","6":"product_cat-cookbooks","7":"product_cat-kookboeken","9":"first","10":"onbackorder","11":"shipping-taxable","12":"product-type-simple"},"acf":[],"yoast_head":"<!-- This site is optimized with the Yoast SEO plugin v24.5 - https:\/\/yoast.com\/wordpress\/plugins\/seo\/ -->\n<title>De nomadische keuken van Ra\u00efnara\u00ef - Rainarai<\/title>\n<meta name=\"robots\" content=\"index, follow, max-snippet:-1, max-image-preview:large, max-video-preview:-1\" \/>\n<link rel=\"canonical\" href=\"https:\/\/www.rainarai.nl\/en\/product\/de-nomadische-keuken-van-rainarai\/\" \/>\n<meta property=\"og:locale\" content=\"en_US\" \/>\n<meta property=\"og:type\" content=\"article\" \/>\n<meta property=\"og:title\" content=\"De nomadische keuken van Ra\u00efnara\u00ef - Rainarai\" \/>\n<meta property=\"og:description\" content=\"Traditionele gerechten worden vaak met dit specerijenmengsel bereid. Specifieke kruiden en fijne specerijen spelen een essenti\u00eble rol in de nomadische keuken. Wil je zelf koken uit een Ra\u00efnara\u00ef kookboek? De specerijenmix van chef Laurent Med Khellout:\u201dRas el Khellout\u201d is daarbij een aanbeveling.\" \/>\n<meta property=\"og:url\" content=\"https:\/\/www.rainarai.nl\/en\/product\/de-nomadische-keuken-van-rainarai\/\" \/>\n<meta property=\"og:site_name\" content=\"Rainarai\" \/>\n<meta property=\"article:modified_time\" content=\"2022-05-31T15:04:30+00:00\" \/>\n<meta property=\"og:image\" content=\"https:\/\/www.rainarai.nl\/wp-content\/uploads\/2022\/03\/Cover-boek2-scaled.jpg\" \/>\n\t<meta property=\"og:image:width\" content=\"2013\" \/>\n\t<meta property=\"og:image:height\" content=\"2560\" \/>\n\t<meta property=\"og:image:type\" content=\"image\/jpeg\" \/>\n<script type=\"application\/ld+json\" class=\"yoast-schema-graph\">{\"@context\":\"https:\/\/schema.org\",\"@graph\":[{\"@type\":\"WebPage\",\"@id\":\"https:\/\/www.rainarai.nl\/en\/product\/de-nomadische-keuken-van-rainarai\/\",\"url\":\"https:\/\/www.rainarai.nl\/en\/product\/de-nomadische-keuken-van-rainarai\/\",\"name\":\"De nomadische keuken van Ra\u00efnara\u00ef - Rainarai\",\"isPartOf\":{\"@id\":\"https:\/\/www.rainarai.nl\/en\/#website\"},\"primaryImageOfPage\":{\"@id\":\"https:\/\/www.rainarai.nl\/en\/product\/de-nomadische-keuken-van-rainarai\/#primaryimage\"},\"image\":{\"@id\":\"https:\/\/www.rainarai.nl\/en\/product\/de-nomadische-keuken-van-rainarai\/#primaryimage\"},\"thumbnailUrl\":\"https:\/\/www.rainarai.nl\/wp-content\/uploads\/2022\/03\/Cover-boek2-scaled.jpg\",\"datePublished\":\"2022-03-16T10:01:58+00:00\",\"dateModified\":\"2022-05-31T15:04:30+00:00\",\"breadcrumb\":{\"@id\":\"https:\/\/www.rainarai.nl\/en\/product\/de-nomadische-keuken-van-rainarai\/#breadcrumb\"},\"inLanguage\":\"en-US\",\"potentialAction\":[{\"@type\":\"ReadAction\",\"target\":[\"https:\/\/www.rainarai.nl\/en\/product\/de-nomadische-keuken-van-rainarai\/\"]}]},{\"@type\":\"ImageObject\",\"inLanguage\":\"en-US\",\"@id\":\"https:\/\/www.rainarai.nl\/en\/product\/de-nomadische-keuken-van-rainarai\/#primaryimage\",\"url\":\"https:\/\/www.rainarai.nl\/wp-content\/uploads\/2022\/03\/Cover-boek2-scaled.jpg\",\"contentUrl\":\"https:\/\/www.rainarai.nl\/wp-content\/uploads\/2022\/03\/Cover-boek2-scaled.jpg\",\"width\":2013,\"height\":2560},{\"@type\":\"BreadcrumbList\",\"@id\":\"https:\/\/www.rainarai.nl\/en\/product\/de-nomadische-keuken-van-rainarai\/#breadcrumb\",\"itemListElement\":[{\"@type\":\"ListItem\",\"position\":1,\"name\":\"Home\",\"item\":\"https:\/\/www.rainarai.nl\/en\/\"},{\"@type\":\"ListItem\",\"position\":2,\"name\":\"Shop\",\"item\":\"https:\/\/www.rainarai.nl\/en\/shop\/\"},{\"@type\":\"ListItem\",\"position\":3,\"name\":\"De nomadische keuken van Ra\u00efnara\u00ef\"}]},{\"@type\":\"WebSite\",\"@id\":\"https:\/\/www.rainarai.nl\/en\/#website\",\"url\":\"https:\/\/www.rainarai.nl\/en\/\",\"name\":\"Rainarai\",\"description\":\"de nomadische keuken\",\"publisher\":{\"@id\":\"https:\/\/www.rainarai.nl\/en\/#organization\"},\"potentialAction\":[{\"@type\":\"SearchAction\",\"target\":{\"@type\":\"EntryPoint\",\"urlTemplate\":\"https:\/\/www.rainarai.nl\/en\/?s={search_term_string}\"},\"query-input\":{\"@type\":\"PropertyValueSpecification\",\"valueRequired\":true,\"valueName\":\"search_term_string\"}}],\"inLanguage\":\"en-US\"},{\"@type\":\"Organization\",\"@id\":\"https:\/\/www.rainarai.nl\/en\/#organization\",\"name\":\"Rainarai\",\"url\":\"https:\/\/www.rainarai.nl\/en\/\",\"logo\":{\"@type\":\"ImageObject\",\"inLanguage\":\"en-US\",\"@id\":\"https:\/\/www.rainarai.nl\/en\/#\/schema\/logo\/image\/\",\"url\":\"https:\/\/www.rainarai.nl\/wp-content\/uploads\/2022\/04\/Rainarai-de-nomadische-keuken-3.svg\",\"contentUrl\":\"https:\/\/www.rainarai.nl\/wp-content\/uploads\/2022\/04\/Rainarai-de-nomadische-keuken-3.svg\",\"caption\":\"Rainarai\"},\"image\":{\"@id\":\"https:\/\/www.rainarai.nl\/en\/#\/schema\/logo\/image\/\"}}]}<\/script>\n<!-- \/ Yoast SEO plugin. -->","yoast_head_json":{"title":"De nomadische keuken van Ra\u00efnara\u00ef - Rainarai","robots":{"index":"index","follow":"follow","max-snippet":"max-snippet:-1","max-image-preview":"max-image-preview:large","max-video-preview":"max-video-preview:-1"},"canonical":"https:\/\/www.rainarai.nl\/en\/product\/de-nomadische-keuken-van-rainarai\/","og_locale":"en_US","og_type":"article","og_title":"De nomadische keuken van Ra\u00efnara\u00ef - Rainarai","og_description":"Traditionele gerechten worden vaak met dit specerijenmengsel bereid. Specifieke kruiden en fijne specerijen spelen een essenti\u00eble rol in de nomadische keuken. Wil je zelf koken uit een Ra\u00efnara\u00ef kookboek? De specerijenmix van chef Laurent Med Khellout:\u201dRas el Khellout\u201d is daarbij een aanbeveling.","og_url":"https:\/\/www.rainarai.nl\/en\/product\/de-nomadische-keuken-van-rainarai\/","og_site_name":"Rainarai","article_modified_time":"2022-05-31T15:04:30+00:00","og_image":[{"width":2013,"height":2560,"url":"https:\/\/www.rainarai.nl\/wp-content\/uploads\/2022\/03\/Cover-boek2-scaled.jpg","type":"image\/jpeg"}],"schema":{"@context":"https:\/\/schema.org","@graph":[{"@type":"WebPage","@id":"https:\/\/www.rainarai.nl\/en\/product\/de-nomadische-keuken-van-rainarai\/","url":"https:\/\/www.rainarai.nl\/en\/product\/de-nomadische-keuken-van-rainarai\/","name":"De nomadische keuken van Ra\u00efnara\u00ef - Rainarai","isPartOf":{"@id":"https:\/\/www.rainarai.nl\/en\/#website"},"primaryImageOfPage":{"@id":"https:\/\/www.rainarai.nl\/en\/product\/de-nomadische-keuken-van-rainarai\/#primaryimage"},"image":{"@id":"https:\/\/www.rainarai.nl\/en\/product\/de-nomadische-keuken-van-rainarai\/#primaryimage"},"thumbnailUrl":"https:\/\/www.rainarai.nl\/wp-content\/uploads\/2022\/03\/Cover-boek2-scaled.jpg","datePublished":"2022-03-16T10:01:58+00:00","dateModified":"2022-05-31T15:04:30+00:00","breadcrumb":{"@id":"https:\/\/www.rainarai.nl\/en\/product\/de-nomadische-keuken-van-rainarai\/#breadcrumb"},"inLanguage":"en-US","potentialAction":[{"@type":"ReadAction","target":["https:\/\/www.rainarai.nl\/en\/product\/de-nomadische-keuken-van-rainarai\/"]}]},{"@type":"ImageObject","inLanguage":"en-US","@id":"https:\/\/www.rainarai.nl\/en\/product\/de-nomadische-keuken-van-rainarai\/#primaryimage","url":"https:\/\/www.rainarai.nl\/wp-content\/uploads\/2022\/03\/Cover-boek2-scaled.jpg","contentUrl":"https:\/\/www.rainarai.nl\/wp-content\/uploads\/2022\/03\/Cover-boek2-scaled.jpg","width":2013,"height":2560},{"@type":"BreadcrumbList","@id":"https:\/\/www.rainarai.nl\/en\/product\/de-nomadische-keuken-van-rainarai\/#breadcrumb","itemListElement":[{"@type":"ListItem","position":1,"name":"Home","item":"https:\/\/www.rainarai.nl\/en\/"},{"@type":"ListItem","position":2,"name":"Shop","item":"https:\/\/www.rainarai.nl\/en\/shop\/"},{"@type":"ListItem","position":3,"name":"De nomadische keuken van Ra\u00efnara\u00ef"}]},{"@type":"WebSite","@id":"https:\/\/www.rainarai.nl\/en\/#website","url":"https:\/\/www.rainarai.nl\/en\/","name":"Rainarai","description":"de nomadische keuken","publisher":{"@id":"https:\/\/www.rainarai.nl\/en\/#organization"},"potentialAction":[{"@type":"SearchAction","target":{"@type":"EntryPoint","urlTemplate":"https:\/\/www.rainarai.nl\/en\/?s={search_term_string}"},"query-input":{"@type":"PropertyValueSpecification","valueRequired":true,"valueName":"search_term_string"}}],"inLanguage":"en-US"},{"@type":"Organization","@id":"https:\/\/www.rainarai.nl\/en\/#organization","name":"Rainarai","url":"https:\/\/www.rainarai.nl\/en\/","logo":{"@type":"ImageObject","inLanguage":"en-US","@id":"https:\/\/www.rainarai.nl\/en\/#\/schema\/logo\/image\/","url":"https:\/\/www.rainarai.nl\/wp-content\/uploads\/2022\/04\/Rainarai-de-nomadische-keuken-3.svg","contentUrl":"https:\/\/www.rainarai.nl\/wp-content\/uploads\/2022\/04\/Rainarai-de-nomadische-keuken-3.svg","caption":"Rainarai"},"image":{"@id":"https:\/\/www.rainarai.nl\/en\/#\/schema\/logo\/image\/"}}]}},"_links":{"self":[{"href":"https:\/\/www.rainarai.nl\/en\/wp-json\/wp\/v2\/product\/3626","targetHints":{"allow":["GET"]}}],"collection":[{"href":"https:\/\/www.rainarai.nl\/en\/wp-json\/wp\/v2\/product"}],"about":[{"href":"https:\/\/www.rainarai.nl\/en\/wp-json\/wp\/v2\/types\/product"}],"replies":[{"embeddable":true,"href":"https:\/\/www.rainarai.nl\/en\/wp-json\/wp\/v2\/comments?post=3626"}],"wp:featuredmedia":[{"embeddable":true,"href":"https:\/\/www.rainarai.nl\/en\/wp-json\/wp\/v2\/media\/2476"}],"wp:attachment":[{"href":"https:\/\/www.rainarai.nl\/en\/wp-json\/wp\/v2\/media?parent=3626"}],"wp:term":[{"taxonomy":"product_brand","embeddable":true,"href":"https:\/\/www.rainarai.nl\/en\/wp-json\/wp\/v2\/product_brand?post=3626"},{"taxonomy":"product_cat","embeddable":true,"href":"https:\/\/www.rainarai.nl\/en\/wp-json\/wp\/v2\/product_cat?post=3626"},{"taxonomy":"product_tag","embeddable":true,"href":"https:\/\/www.rainarai.nl\/en\/wp-json\/wp\/v2\/product_tag?post=3626"}],"curies":[{"name":"wp","href":"https:\/\/api.w.org\/{rel}","templated":true}]}}