{"id":2171,"date":"2021-12-20T10:24:39","date_gmt":"2021-12-20T10:24:39","guid":{"rendered":"https:\/\/www.rainarai.nl\/product\/ras-el-khellout-specerijen-mix\/"},"modified":"2022-05-30T07:34:10","modified_gmt":"2022-05-30T07:34:10","slug":"ras-el-khellout-specerijen-mix","status":"publish","type":"product","link":"https:\/\/www.rainarai.nl\/en\/product\/ras-el-khellout-specerijen-mix\/","title":{"rendered":"Ras-el-Khellout spice mix"},"content":{"rendered":"<p style=\"text-align: left;\">Traditional dishes are often prepared with this spice mixture. Specific herbs and fine spices play an essential role in nomadic cuisine. Do you want to cook yourself from a Ra\u00efnara\u00ef cookbook? Chef Laurent Med Khellout&#8217;s spice mix: &#8220;Ras el Khellout&#8221; is a recommendation.<\/p>\n","protected":false},"excerpt":{"rendered":"<p>Traditionele gerechten worden vaak met dit specerijenmengsel bereid. Specifieke kruiden en fijne specerijen spelen een essenti\u00eble rol in de nomadische keuken. Wil je zelf koken uit een Ra\u00efnara\u00ef kookboek? De specerijenmix van chef Laurent Med Khellout:\u201dRas el Khellout\u201d is daarbij een aanbeveling.<\/p>\n","protected":false},"featured_media":3635,"comment_status":"open","ping_status":"closed","template":"","meta":{"_acf_changed":false},"product_brand":[],"product_cat":[34],"product_tag":[],"class_list":{"0":"post-2171","1":"product","2":"type-product","3":"status-publish","4":"has-post-thumbnail","6":"product_cat-spices","8":"first","9":"instock","10":"shipping-taxable","11":"purchasable","12":"product-type-variable"},"acf":[],"yoast_head":"<!-- This site is optimized with the Yoast SEO plugin v24.5 - https:\/\/yoast.com\/wordpress\/plugins\/seo\/ -->\n<title>Ras-el-Khellout spice mix - Rainarai<\/title>\n<meta name=\"robots\" content=\"index, follow, max-snippet:-1, max-image-preview:large, max-video-preview:-1\" \/>\n<link rel=\"canonical\" href=\"https:\/\/www.rainarai.nl\/en\/product\/ras-el-khellout-specerijen-mix\/\" \/>\n<meta property=\"og:locale\" content=\"en_US\" \/>\n<meta property=\"og:type\" content=\"article\" \/>\n<meta property=\"og:title\" content=\"Ras-el-Khellout spice mix - Rainarai\" \/>\n<meta property=\"og:description\" content=\"Traditionele gerechten worden vaak met dit specerijenmengsel bereid. Specifieke kruiden en fijne specerijen spelen een essenti\u00eble rol in de nomadische keuken. Wil je zelf koken uit een Ra\u00efnara\u00ef kookboek? De specerijenmix van chef Laurent Med Khellout:\u201dRas el Khellout\u201d is daarbij een aanbeveling.\" \/>\n<meta property=\"og:url\" content=\"https:\/\/www.rainarai.nl\/en\/product\/ras-el-khellout-specerijen-mix\/\" \/>\n<meta property=\"og:site_name\" content=\"Rainarai\" \/>\n<meta property=\"article:modified_time\" content=\"2022-05-30T07:34:10+00:00\" \/>\n<meta property=\"og:image\" content=\"https:\/\/www.rainarai.nl\/wp-content\/uploads\/2021\/12\/rainarai-specerijen.png\" \/>\n\t<meta property=\"og:image:width\" content=\"300\" \/>\n\t<meta property=\"og:image:height\" content=\"524\" \/>\n\t<meta property=\"og:image:type\" content=\"image\/png\" \/>\n<script type=\"application\/ld+json\" class=\"yoast-schema-graph\">{\"@context\":\"https:\/\/schema.org\",\"@graph\":[{\"@type\":\"WebPage\",\"@id\":\"https:\/\/www.rainarai.nl\/en\/product\/ras-el-khellout-specerijen-mix\/\",\"url\":\"https:\/\/www.rainarai.nl\/en\/product\/ras-el-khellout-specerijen-mix\/\",\"name\":\"Ras-el-Khellout spice mix - Rainarai\",\"isPartOf\":{\"@id\":\"https:\/\/www.rainarai.nl\/en\/#website\"},\"primaryImageOfPage\":{\"@id\":\"https:\/\/www.rainarai.nl\/en\/product\/ras-el-khellout-specerijen-mix\/#primaryimage\"},\"image\":{\"@id\":\"https:\/\/www.rainarai.nl\/en\/product\/ras-el-khellout-specerijen-mix\/#primaryimage\"},\"thumbnailUrl\":\"https:\/\/www.rainarai.nl\/wp-content\/uploads\/2021\/12\/rainarai-specerijen.png\",\"datePublished\":\"2021-12-20T10:24:39+00:00\",\"dateModified\":\"2022-05-30T07:34:10+00:00\",\"breadcrumb\":{\"@id\":\"https:\/\/www.rainarai.nl\/en\/product\/ras-el-khellout-specerijen-mix\/#breadcrumb\"},\"inLanguage\":\"en-US\",\"potentialAction\":[{\"@type\":\"ReadAction\",\"target\":[\"https:\/\/www.rainarai.nl\/en\/product\/ras-el-khellout-specerijen-mix\/\"]}]},{\"@type\":\"ImageObject\",\"inLanguage\":\"en-US\",\"@id\":\"https:\/\/www.rainarai.nl\/en\/product\/ras-el-khellout-specerijen-mix\/#primaryimage\",\"url\":\"https:\/\/www.rainarai.nl\/wp-content\/uploads\/2021\/12\/rainarai-specerijen.png\",\"contentUrl\":\"https:\/\/www.rainarai.nl\/wp-content\/uploads\/2021\/12\/rainarai-specerijen.png\",\"width\":300,\"height\":524},{\"@type\":\"BreadcrumbList\",\"@id\":\"https:\/\/www.rainarai.nl\/en\/product\/ras-el-khellout-specerijen-mix\/#breadcrumb\",\"itemListElement\":[{\"@type\":\"ListItem\",\"position\":1,\"name\":\"Home\",\"item\":\"https:\/\/www.rainarai.nl\/en\/\"},{\"@type\":\"ListItem\",\"position\":2,\"name\":\"Shop\",\"item\":\"https:\/\/www.rainarai.nl\/en\/shop\/\"},{\"@type\":\"ListItem\",\"position\":3,\"name\":\"Ras-el-Khellout spice mix\"}]},{\"@type\":\"WebSite\",\"@id\":\"https:\/\/www.rainarai.nl\/en\/#website\",\"url\":\"https:\/\/www.rainarai.nl\/en\/\",\"name\":\"Rainarai\",\"description\":\"de nomadische keuken\",\"publisher\":{\"@id\":\"https:\/\/www.rainarai.nl\/en\/#organization\"},\"potentialAction\":[{\"@type\":\"SearchAction\",\"target\":{\"@type\":\"EntryPoint\",\"urlTemplate\":\"https:\/\/www.rainarai.nl\/en\/?s={search_term_string}\"},\"query-input\":{\"@type\":\"PropertyValueSpecification\",\"valueRequired\":true,\"valueName\":\"search_term_string\"}}],\"inLanguage\":\"en-US\"},{\"@type\":\"Organization\",\"@id\":\"https:\/\/www.rainarai.nl\/en\/#organization\",\"name\":\"Rainarai\",\"url\":\"https:\/\/www.rainarai.nl\/en\/\",\"logo\":{\"@type\":\"ImageObject\",\"inLanguage\":\"en-US\",\"@id\":\"https:\/\/www.rainarai.nl\/en\/#\/schema\/logo\/image\/\",\"url\":\"https:\/\/www.rainarai.nl\/wp-content\/uploads\/2022\/04\/Rainarai-de-nomadische-keuken-3.svg\",\"contentUrl\":\"https:\/\/www.rainarai.nl\/wp-content\/uploads\/2022\/04\/Rainarai-de-nomadische-keuken-3.svg\",\"caption\":\"Rainarai\"},\"image\":{\"@id\":\"https:\/\/www.rainarai.nl\/en\/#\/schema\/logo\/image\/\"}}]}<\/script>\n<!-- \/ Yoast SEO plugin. -->","yoast_head_json":{"title":"Ras-el-Khellout spice mix - Rainarai","robots":{"index":"index","follow":"follow","max-snippet":"max-snippet:-1","max-image-preview":"max-image-preview:large","max-video-preview":"max-video-preview:-1"},"canonical":"https:\/\/www.rainarai.nl\/en\/product\/ras-el-khellout-specerijen-mix\/","og_locale":"en_US","og_type":"article","og_title":"Ras-el-Khellout spice mix - Rainarai","og_description":"Traditionele gerechten worden vaak met dit specerijenmengsel bereid. Specifieke kruiden en fijne specerijen spelen een essenti\u00eble rol in de nomadische keuken. Wil je zelf koken uit een Ra\u00efnara\u00ef kookboek? De specerijenmix van chef Laurent Med Khellout:\u201dRas el Khellout\u201d is daarbij een aanbeveling.","og_url":"https:\/\/www.rainarai.nl\/en\/product\/ras-el-khellout-specerijen-mix\/","og_site_name":"Rainarai","article_modified_time":"2022-05-30T07:34:10+00:00","og_image":[{"width":300,"height":524,"url":"https:\/\/www.rainarai.nl\/wp-content\/uploads\/2021\/12\/rainarai-specerijen.png","type":"image\/png"}],"schema":{"@context":"https:\/\/schema.org","@graph":[{"@type":"WebPage","@id":"https:\/\/www.rainarai.nl\/en\/product\/ras-el-khellout-specerijen-mix\/","url":"https:\/\/www.rainarai.nl\/en\/product\/ras-el-khellout-specerijen-mix\/","name":"Ras-el-Khellout spice mix - Rainarai","isPartOf":{"@id":"https:\/\/www.rainarai.nl\/en\/#website"},"primaryImageOfPage":{"@id":"https:\/\/www.rainarai.nl\/en\/product\/ras-el-khellout-specerijen-mix\/#primaryimage"},"image":{"@id":"https:\/\/www.rainarai.nl\/en\/product\/ras-el-khellout-specerijen-mix\/#primaryimage"},"thumbnailUrl":"https:\/\/www.rainarai.nl\/wp-content\/uploads\/2021\/12\/rainarai-specerijen.png","datePublished":"2021-12-20T10:24:39+00:00","dateModified":"2022-05-30T07:34:10+00:00","breadcrumb":{"@id":"https:\/\/www.rainarai.nl\/en\/product\/ras-el-khellout-specerijen-mix\/#breadcrumb"},"inLanguage":"en-US","potentialAction":[{"@type":"ReadAction","target":["https:\/\/www.rainarai.nl\/en\/product\/ras-el-khellout-specerijen-mix\/"]}]},{"@type":"ImageObject","inLanguage":"en-US","@id":"https:\/\/www.rainarai.nl\/en\/product\/ras-el-khellout-specerijen-mix\/#primaryimage","url":"https:\/\/www.rainarai.nl\/wp-content\/uploads\/2021\/12\/rainarai-specerijen.png","contentUrl":"https:\/\/www.rainarai.nl\/wp-content\/uploads\/2021\/12\/rainarai-specerijen.png","width":300,"height":524},{"@type":"BreadcrumbList","@id":"https:\/\/www.rainarai.nl\/en\/product\/ras-el-khellout-specerijen-mix\/#breadcrumb","itemListElement":[{"@type":"ListItem","position":1,"name":"Home","item":"https:\/\/www.rainarai.nl\/en\/"},{"@type":"ListItem","position":2,"name":"Shop","item":"https:\/\/www.rainarai.nl\/en\/shop\/"},{"@type":"ListItem","position":3,"name":"Ras-el-Khellout spice mix"}]},{"@type":"WebSite","@id":"https:\/\/www.rainarai.nl\/en\/#website","url":"https:\/\/www.rainarai.nl\/en\/","name":"Rainarai","description":"de nomadische keuken","publisher":{"@id":"https:\/\/www.rainarai.nl\/en\/#organization"},"potentialAction":[{"@type":"SearchAction","target":{"@type":"EntryPoint","urlTemplate":"https:\/\/www.rainarai.nl\/en\/?s={search_term_string}"},"query-input":{"@type":"PropertyValueSpecification","valueRequired":true,"valueName":"search_term_string"}}],"inLanguage":"en-US"},{"@type":"Organization","@id":"https:\/\/www.rainarai.nl\/en\/#organization","name":"Rainarai","url":"https:\/\/www.rainarai.nl\/en\/","logo":{"@type":"ImageObject","inLanguage":"en-US","@id":"https:\/\/www.rainarai.nl\/en\/#\/schema\/logo\/image\/","url":"https:\/\/www.rainarai.nl\/wp-content\/uploads\/2022\/04\/Rainarai-de-nomadische-keuken-3.svg","contentUrl":"https:\/\/www.rainarai.nl\/wp-content\/uploads\/2022\/04\/Rainarai-de-nomadische-keuken-3.svg","caption":"Rainarai"},"image":{"@id":"https:\/\/www.rainarai.nl\/en\/#\/schema\/logo\/image\/"}}]}},"_links":{"self":[{"href":"https:\/\/www.rainarai.nl\/en\/wp-json\/wp\/v2\/product\/2171","targetHints":{"allow":["GET"]}}],"collection":[{"href":"https:\/\/www.rainarai.nl\/en\/wp-json\/wp\/v2\/product"}],"about":[{"href":"https:\/\/www.rainarai.nl\/en\/wp-json\/wp\/v2\/types\/product"}],"replies":[{"embeddable":true,"href":"https:\/\/www.rainarai.nl\/en\/wp-json\/wp\/v2\/comments?post=2171"}],"wp:featuredmedia":[{"embeddable":true,"href":"https:\/\/www.rainarai.nl\/en\/wp-json\/wp\/v2\/media\/3635"}],"wp:attachment":[{"href":"https:\/\/www.rainarai.nl\/en\/wp-json\/wp\/v2\/media?parent=2171"}],"wp:term":[{"taxonomy":"product_brand","embeddable":true,"href":"https:\/\/www.rainarai.nl\/en\/wp-json\/wp\/v2\/product_brand?post=2171"},{"taxonomy":"product_cat","embeddable":true,"href":"https:\/\/www.rainarai.nl\/en\/wp-json\/wp\/v2\/product_cat?post=2171"},{"taxonomy":"product_tag","embeddable":true,"href":"https:\/\/www.rainarai.nl\/en\/wp-json\/wp\/v2\/product_tag?post=2171"}],"curies":[{"name":"wp","href":"https:\/\/api.w.org\/{rel}","templated":true}]}}